{"id":10897,"date":"2026-03-10T23:42:34","date_gmt":"2026-03-10T23:42:34","guid":{"rendered":"https:\/\/ggroupmx.com\/?page_id=10897"},"modified":"2026-03-10T23:54:02","modified_gmt":"2026-03-10T23:54:02","slug":"bolsa-de-trabajo","status":"publish","type":"page","link":"https:\/\/ggroupmx.com\/en\/bolsa-de-trabajo\/","title":{"rendered":"Bolsa de Trabajo"},"content":{"rendered":"<div data-elementor-type=\"wp-page\" data-elementor-id=\"10897\" class=\"elementor elementor-10897\" data-elementor-post-type=\"page\">\n\t\t\t\t<div class=\"elementor-element elementor-element-74ee7be0 e-flex e-con-boxed e-con e-parent\" data-id=\"74ee7be0\" data-element_type=\"container\">\n\t\t\t\t\t<div class=\"e-con-inner\">\n\t\t<div class=\"elementor-element elementor-element-1bd35de7 e-con-full e-flex e-con e-child\" data-id=\"1bd35de7\" data-element_type=\"container\">\n\t\t\t\t<div class=\"elementor-element elementor-element-5474e577 elementor-invisible elementor-widget elementor-widget-heading\" data-id=\"5474e577\" data-element_type=\"widget\" data-settings=\"{&quot;_animation&quot;:&quot;fadeInUp&quot;}\" data-widget_type=\"heading.default\">\n\t\t\t\t<div class=\"elementor-widget-container\">\n\t\t\t\t\t<div class=\"elementor-heading-wrapper\" ><div class=\"elementor-heading-wrapper-inner\"><h2 class=\"elementor-heading-title elementor-size-default\">Trabaja con nosotros<\/h2><\/div><\/div>\t\t\t\t<\/div>\n\t\t\t\t<\/div>\n\t\t\t\t<div class=\"elementor-element elementor-element-7a74f1b2 elementor-invisible elementor-widget elementor-widget-heading\" data-id=\"7a74f1b2\" data-element_type=\"widget\" data-settings=\"{&quot;_animation&quot;:&quot;fadeInUp&quot;}\" data-widget_type=\"heading.default\">\n\t\t\t\t<div class=\"elementor-widget-container\">\n\t\t\t\t\t<div class=\"elementor-heading-wrapper\" ><div class=\"elementor-heading-wrapper-inner\"><h2 class=\"elementor-heading-title elementor-size-default\">Career Opportunities <br><b> G Group<\/b><\/h2><\/div><\/div>\t\t\t\t<\/div>\n\t\t\t\t<\/div>\n\t\t\t\t<div class=\"elementor-element elementor-element-3e2fa135 elementor-invisible elementor-widget elementor-widget-text-editor\" data-id=\"3e2fa135\" data-element_type=\"widget\" data-settings=\"{&quot;_animation&quot;:&quot;fadeInUp&quot;}\" data-widget_type=\"text-editor.default\">\n\t\t\t\t<div class=\"elementor-widget-container\">\n\t\t\t\t\t        <div class=\"elementor-text-editor elementor-clearfix\"><h3 data-path-to-node=\"4\"><b data-path-to-node=\"4\" data-index-in-node=\"0\">Elevando el est\u00e1ndar del servicio.<\/b><\/h3><p data-path-to-node=\"6\">Nuestra filosof\u00eda se basa en el talento humano como el activo m\u00e1s valioso de nuestra colecci\u00f3n de hoteles. Si tu visi\u00f3n del servicio se alinea con la sofisticaci\u00f3n, el compromiso y la impecabilidad, te invitamos a proyectar tu carrera con nosotros.<\/p><hr data-path-to-node=\"7\" \/><h3 data-path-to-node=\"8\"><b data-path-to-node=\"8\" data-index-in-node=\"0\">Tu proceso de postulaci\u00f3n<\/b><\/h3><p data-path-to-node=\"9\">Para ser considerado en nuestros procesos de selecci\u00f3n estrat\u00e9gicos, por favor env\u00eda tu Curriculum Vitae C.V. al correo <a href=\"mailto:l.licea@ggroupmx.com\"><strong>l.licea@ggroupmx.com<\/strong><\/a>, indicando en el &#8220;asunto&#8221; la vacante a la que aplicas.<br \/>La precisi\u00f3n en tu informaci\u00f3n es el primer paso hacia una trayectoria de \u00e9xito en nuestra firma.<\/p><p data-path-to-node=\"10,1,0\"><b data-path-to-node=\"10,1,0\" data-index-in-node=\"0\">Documentaci\u00f3n:<\/b> Adjunta tu <b data-path-to-node=\"10,1,0\" data-index-in-node=\"26\">Curriculum Vitae<\/b> y, opcionalmente, un <b data-path-to-node=\"10,1,0\" data-index-in-node=\"64\">Portafolio de Trayectoria<\/b> o Carta de Motivos.<\/p><p data-path-to-node=\"10,2,0\"><b data-path-to-node=\"10,2,0\" data-index-in-node=\"0\">Formatos admitidos:<\/b> Priorizamos archivos en formato <b data-path-to-node=\"10,2,0\" data-index-in-node=\"52\">PDF<\/b> para asegurar la integridad de tu presentaci\u00f3n.<\/p><blockquote data-path-to-node=\"11\"><p data-path-to-node=\"11,0\"><b data-path-to-node=\"11,0\" data-index-in-node=\"0\">Compromiso G Group:<\/b> Tratamos cada perfil con absoluta confidencialidad y rigor profesional. Tu talento merece un an\u00e1lisis detallado.<\/p><\/blockquote><\/div>\n        \t\t\t\t<\/div>\n\t\t\t\t<\/div>\n\t\t\t\t<\/div>\n\t\t<div class=\"elementor-element elementor-element-b8ec74c e-con-full e-flex e-con e-child\" data-id=\"b8ec74c\" data-element_type=\"container\">\n\t\t\t\t<div class=\"elementor-element elementor-element-b87fcb4 elementor-invisible elementor-widget elementor-widget-image\" data-id=\"b87fcb4\" data-element_type=\"widget\" data-settings=\"{&quot;_animation&quot;:&quot;fadeInUp&quot;}\" data-widget_type=\"image.default\">\n\t\t\t\t<div class=\"elementor-widget-container\">\n\t\t\t\t\t\t\t\t\t\t\t\t\t\t\t<img fetchpriority=\"high\" decoding=\"async\" width=\"312\" height=\"366\" src=\"https:\/\/ggroupmx.com\/wp-content\/uploads\/2026\/03\/Team-1-Good-Agency-1.png\" class=\"attachment-full size-full wp-image-10907\" alt=\"\" srcset=\"https:\/\/ggroupmx.com\/wp-content\/uploads\/2026\/03\/Team-1-Good-Agency-1.png 312w, https:\/\/ggroupmx.com\/wp-content\/uploads\/2026\/03\/Team-1-Good-Agency-1-256x300.png 256w, https:\/\/ggroupmx.com\/wp-content\/uploads\/2026\/03\/Team-1-Good-Agency-1-10x12.png 10w\" sizes=\"(max-width: 312px) 100vw, 312px\" \/>\t\t\t\t\t\t\t\t\t\t\t\t\t\t\t<\/div>\n\t\t\t\t<\/div>\n\t\t\t\t<div class=\"elementor-element elementor-element-513ecd5f elementor-widget elementor-widget-text-editor\" data-id=\"513ecd5f\" data-element_type=\"widget\" data-widget_type=\"text-editor.default\">\n\t\t\t\t<div class=\"elementor-widget-container\">\n\t\t\t\t\t        <div class=\"elementor-text-editor elementor-clearfix\"><div><strong>VACANTES PARA HOTEL EN CDMX<\/strong><\/div><div>1. Gerente General<\/div><div>2.Analista de RH<\/div><div>3.Gerente de Finanzas<\/div><div>4.Auditor de Ingresos<\/div><div>5.Auditor de CxP (Cuentas por Pagar)<\/div><div>6.Auditor de CxC (Cuentas por Cobrar)<\/div><div>7.Auxiliar de Compras<\/div><div>8.Caja<\/div><div>9.Front Desk Manager<\/div><div>10.Auditor Nocturno<\/div><div>11.Recepcionista Biling\u00fce<\/div><div>12.Concierge<\/div><div>13.Bell Boy<\/div><div>14.Encargada de Ama de Llaves<\/div><div>15.Camarista<\/div><div>16.Lavander\u00eda<\/div><div>17.\u00c1reas P\u00fablicas<\/div><div>18.Seguridad<\/div><div>19.Jefe de Seguridad<\/div><div>20.Agente de Estacionamiento<\/div><\/div>\n        \t\t\t\t<\/div>\n\t\t\t\t<\/div>\n\t\t\t\t<div class=\"elementor-element elementor-element-185fec7b elementor-align-center elementor-button-primary elementor-invisible elementor-widget elementor-widget-button\" data-id=\"185fec7b\" data-element_type=\"widget\" data-settings=\"{&quot;motion_fx_motion_fx_scrolling&quot;:&quot;yes&quot;,&quot;motion_fx_translateY_effect&quot;:&quot;yes&quot;,&quot;motion_fx_translateY_speed&quot;:{&quot;unit&quot;:&quot;px&quot;,&quot;size&quot;:2.8,&quot;sizes&quot;:[]},&quot;_animation&quot;:&quot;fadeInDown&quot;,&quot;motion_fx_translateY_affectedRange&quot;:{&quot;unit&quot;:&quot;%&quot;,&quot;size&quot;:&quot;&quot;,&quot;sizes&quot;:{&quot;start&quot;:0,&quot;end&quot;:100}},&quot;motion_fx_devices&quot;:[&quot;desktop&quot;,&quot;tablet&quot;,&quot;mobile&quot;]}\" data-widget_type=\"button.default\">\n\t\t\t\t<div class=\"elementor-widget-container\">\n\t\t\t\t\t        <div class=\"elementor-button-wrapper\">\n            <a href=\"mailto:l.licea@ggroupmx.com\" class=\"elementor-button-link elementor-button elementor-size-lg\" role=\"button\">\n                \t\t<span class=\"elementor-button-content-wrapper\">\n\t\t\t\t\t\t\t\t\t<span class=\"elementor-button-text\">Envia tu CV por correo<\/span>\n\t\t\t\t\t<\/span>\n\t\t            <\/a>\n        <\/div>\n        \t\t\t\t<\/div>\n\t\t\t\t<\/div>\n\t\t\t\t<\/div>\n\t\t\t\t\t<\/div>\n\t\t\t\t<\/div>\n\t\t<div class=\"elementor-element elementor-element-221dc9fe e-flex e-con-boxed e-con e-parent\" data-id=\"221dc9fe\" data-element_type=\"container\">\n\t\t\t\t\t<div class=\"e-con-inner\">\n\t\t<div class=\"elementor-element elementor-element-694ff793 e-con-full e-flex e-con e-child\" data-id=\"694ff793\" data-element_type=\"container\">\n\t\t\t\t<div class=\"elementor-element elementor-element-4700c1c9 elementor-widget elementor-widget-gallery\" data-id=\"4700c1c9\" data-element_type=\"widget\" data-settings=\"{&quot;gallery_layout&quot;:&quot;masonry&quot;,&quot;columns&quot;:3,&quot;gap&quot;:{&quot;unit&quot;:&quot;px&quot;,&quot;size&quot;:20,&quot;sizes&quot;:[]},&quot;lazyload&quot;:&quot;yes&quot;,&quot;columns_tablet&quot;:2,&quot;columns_mobile&quot;:1,&quot;gap_tablet&quot;:{&quot;unit&quot;:&quot;px&quot;,&quot;size&quot;:10,&quot;sizes&quot;:[]},&quot;gap_mobile&quot;:{&quot;unit&quot;:&quot;px&quot;,&quot;size&quot;:10,&quot;sizes&quot;:[]},&quot;link_to&quot;:&quot;file&quot;,&quot;overlay_background&quot;:&quot;yes&quot;,&quot;content_hover_animation&quot;:&quot;fade-in&quot;}\" data-widget_type=\"gallery.default\">\n\t\t\t\t<div class=\"elementor-widget-container\">\n\t\t\t\t\t\t\t<div class=\"elementor-gallery__container\">\n\t\t\t\t\t\t\t<a class=\"e-gallery-item elementor-gallery-item elementor-animated-content\" href=\"https:\/\/ggroupmx.com\/wp-content\/uploads\/2026\/03\/G-Group-galeria-6.jpg\" data-elementor-open-lightbox=\"yes\" data-elementor-lightbox-slideshow=\"4700c1c9\" data-elementor-lightbox-title=\"G-Group-galeria-6.jpg\" data-e-action-hash=\"#elementor-action%3Aaction%3Dlightbox%26settings%3DeyJpZCI6MTA5MTAsInVybCI6Imh0dHBzOlwvXC9nZ3JvdXBteC5jb21cL3dwLWNvbnRlbnRcL3VwbG9hZHNcLzIwMjZcLzAzXC9HLUdyb3VwLWdhbGVyaWEtNi5qcGciLCJzbGlkZXNob3ciOiI0NzAwYzFjOSJ9\">\n\t\t\t\t\t<div class=\"e-gallery-image elementor-gallery-item__image\" data-thumbnail=\"https:\/\/ggroupmx.com\/wp-content\/uploads\/2026\/03\/G-Group-galeria-6.jpg\" data-width=\"823\" data-height=\"1024\" aria-label=\"\" role=\"img\" ><\/div>\n\t\t\t\t\t\t\t\t\t\t\t<div class=\"elementor-gallery-item__overlay\"><\/div>\n\t\t\t\t\t\t\t\t\t\t\t\t\t\t<\/a>\n\t\t\t\t\t\t\t<a class=\"e-gallery-item elementor-gallery-item elementor-animated-content\" href=\"https:\/\/ggroupmx.com\/wp-content\/uploads\/2026\/03\/G-Group-galeria.jpg\" data-elementor-open-lightbox=\"yes\" data-elementor-lightbox-slideshow=\"4700c1c9\" data-elementor-lightbox-title=\"G-Group-galeria.jpg\" data-e-action-hash=\"#elementor-action%3Aaction%3Dlightbox%26settings%3DeyJpZCI6MTA5MTQsInVybCI6Imh0dHBzOlwvXC9nZ3JvdXBteC5jb21cL3dwLWNvbnRlbnRcL3VwbG9hZHNcLzIwMjZcLzAzXC9HLUdyb3VwLWdhbGVyaWEuanBnIiwic2xpZGVzaG93IjoiNDcwMGMxYzkifQ%3D%3D\">\n\t\t\t\t\t<div class=\"e-gallery-image elementor-gallery-item__image\" data-thumbnail=\"https:\/\/ggroupmx.com\/wp-content\/uploads\/2026\/03\/G-Group-galeria.jpg\" data-width=\"823\" data-height=\"1024\" aria-label=\"\" role=\"img\" ><\/div>\n\t\t\t\t\t\t\t\t\t\t\t<div class=\"elementor-gallery-item__overlay\"><\/div>\n\t\t\t\t\t\t\t\t\t\t\t\t\t\t<\/a>\n\t\t\t\t\t\t\t<a class=\"e-gallery-item elementor-gallery-item elementor-animated-content\" href=\"https:\/\/ggroupmx.com\/wp-content\/uploads\/2026\/03\/G-Group-galeria-4.jpg\" data-elementor-open-lightbox=\"yes\" data-elementor-lightbox-slideshow=\"4700c1c9\" data-elementor-lightbox-title=\"G-Group-galeria-4.jpg\" data-e-action-hash=\"#elementor-action%3Aaction%3Dlightbox%26settings%3DeyJpZCI6MTA5MTIsInVybCI6Imh0dHBzOlwvXC9nZ3JvdXBteC5jb21cL3dwLWNvbnRlbnRcL3VwbG9hZHNcLzIwMjZcLzAzXC9HLUdyb3VwLWdhbGVyaWEtNC5qcGciLCJzbGlkZXNob3ciOiI0NzAwYzFjOSJ9\">\n\t\t\t\t\t<div class=\"e-gallery-image elementor-gallery-item__image\" data-thumbnail=\"https:\/\/ggroupmx.com\/wp-content\/uploads\/2026\/03\/G-Group-galeria-4.jpg\" data-width=\"823\" data-height=\"1024\" aria-label=\"\" role=\"img\" ><\/div>\n\t\t\t\t\t\t\t\t\t\t\t<div class=\"elementor-gallery-item__overlay\"><\/div>\n\t\t\t\t\t\t\t\t\t\t\t\t\t\t<\/a>\n\t\t\t\t\t\t\t<a class=\"e-gallery-item elementor-gallery-item elementor-animated-content\" href=\"https:\/\/ggroupmx.com\/wp-content\/uploads\/2026\/03\/G-Group-galeria-5.jpg\" data-elementor-open-lightbox=\"yes\" data-elementor-lightbox-slideshow=\"4700c1c9\" data-elementor-lightbox-title=\"G-Group-galeria-5.jpg\" data-e-action-hash=\"#elementor-action%3Aaction%3Dlightbox%26settings%3DeyJpZCI6MTA5MTEsInVybCI6Imh0dHBzOlwvXC9nZ3JvdXBteC5jb21cL3dwLWNvbnRlbnRcL3VwbG9hZHNcLzIwMjZcLzAzXC9HLUdyb3VwLWdhbGVyaWEtNS5qcGciLCJzbGlkZXNob3ciOiI0NzAwYzFjOSJ9\">\n\t\t\t\t\t<div class=\"e-gallery-image elementor-gallery-item__image\" data-thumbnail=\"https:\/\/ggroupmx.com\/wp-content\/uploads\/2026\/03\/G-Group-galeria-5.jpg\" data-width=\"823\" data-height=\"1024\" aria-label=\"\" role=\"img\" ><\/div>\n\t\t\t\t\t\t\t\t\t\t\t<div class=\"elementor-gallery-item__overlay\"><\/div>\n\t\t\t\t\t\t\t\t\t\t\t\t\t\t<\/a>\n\t\t\t\t\t\t\t<a class=\"e-gallery-item elementor-gallery-item elementor-animated-content\" href=\"https:\/\/ggroupmx.com\/wp-content\/uploads\/2026\/03\/G-Group-galeria-7.jpg\" data-elementor-open-lightbox=\"yes\" data-elementor-lightbox-slideshow=\"4700c1c9\" data-elementor-lightbox-title=\"G-Group-galeria-7.jpg\" data-e-action-hash=\"#elementor-action%3Aaction%3Dlightbox%26settings%3DeyJpZCI6MTA5MDksInVybCI6Imh0dHBzOlwvXC9nZ3JvdXBteC5jb21cL3dwLWNvbnRlbnRcL3VwbG9hZHNcLzIwMjZcLzAzXC9HLUdyb3VwLWdhbGVyaWEtNy5qcGciLCJzbGlkZXNob3ciOiI0NzAwYzFjOSJ9\">\n\t\t\t\t\t<div class=\"e-gallery-image elementor-gallery-item__image\" data-thumbnail=\"https:\/\/ggroupmx.com\/wp-content\/uploads\/2026\/03\/G-Group-galeria-7.jpg\" data-width=\"823\" data-height=\"1024\" aria-label=\"\" role=\"img\" ><\/div>\n\t\t\t\t\t\t\t\t\t\t\t<div class=\"elementor-gallery-item__overlay\"><\/div>\n\t\t\t\t\t\t\t\t\t\t\t\t\t\t<\/a>\n\t\t\t\t\t\t\t<a class=\"e-gallery-item elementor-gallery-item elementor-animated-content\" href=\"https:\/\/ggroupmx.com\/wp-content\/uploads\/2026\/03\/G-Group-galeria-3.jpg\" data-elementor-open-lightbox=\"yes\" data-elementor-lightbox-slideshow=\"4700c1c9\" data-elementor-lightbox-title=\"G-Group-galeria-3.jpg\" data-e-action-hash=\"#elementor-action%3Aaction%3Dlightbox%26settings%3DeyJpZCI6MTA5MTMsInVybCI6Imh0dHBzOlwvXC9nZ3JvdXBteC5jb21cL3dwLWNvbnRlbnRcL3VwbG9hZHNcLzIwMjZcLzAzXC9HLUdyb3VwLWdhbGVyaWEtMy5qcGciLCJzbGlkZXNob3ciOiI0NzAwYzFjOSJ9\">\n\t\t\t\t\t<div class=\"e-gallery-image elementor-gallery-item__image\" data-thumbnail=\"https:\/\/ggroupmx.com\/wp-content\/uploads\/2026\/03\/G-Group-galeria-3.jpg\" data-width=\"823\" data-height=\"1024\" aria-label=\"\" role=\"img\" ><\/div>\n\t\t\t\t\t\t\t\t\t\t\t<div class=\"elementor-gallery-item__overlay\"><\/div>\n\t\t\t\t\t\t\t\t\t\t\t\t\t\t<\/a>\n\t\t\t\t\t<\/div>\n\t\t\t\t\t<\/div>\n\t\t\t\t<\/div>\n\t\t\t\t<\/div>\n\t\t\t\t\t<\/div>\n\t\t\t\t<\/div>\n\t\t\t\t<\/div>","protected":false},"excerpt":{"rendered":"<p>Trabaja con nosotros Career Opportunities G Group Elevando el est\u00e1ndar del servicio. Nuestra filosof\u00eda se basa en el talento humano como el activo m\u00e1s valioso de nuestra colecci\u00f3n de hoteles. Si tu visi\u00f3n del servicio se alinea con la sofisticaci\u00f3n, el compromiso y la impecabilidad, te invitamos a proyectar tu carrera con nosotros. Tu proceso &hellip; <\/p>\n<p class=\"link-more\"><a href=\"https:\/\/ggroupmx.com\/en\/bolsa-de-trabajo\/\" class=\"more-link\">Read More <span class=\"screen-reader-text\"> &#8220;Bolsa de Trabajo&#8221;<\/span><\/a><\/p>","protected":false},"author":1,"featured_media":0,"parent":0,"menu_order":0,"comment_status":"closed","ping_status":"closed","template":"","meta":{"footnotes":""},"class_list":["post-10897","page","type-page","status-publish","hentry"],"_links":{"self":[{"href":"https:\/\/ggroupmx.com\/en\/wp-json\/wp\/v2\/pages\/10897","targetHints":{"allow":["GET"]}}],"collection":[{"href":"https:\/\/ggroupmx.com\/en\/wp-json\/wp\/v2\/pages"}],"about":[{"href":"https:\/\/ggroupmx.com\/en\/wp-json\/wp\/v2\/types\/page"}],"author":[{"embeddable":true,"href":"https:\/\/ggroupmx.com\/en\/wp-json\/wp\/v2\/users\/1"}],"replies":[{"embeddable":true,"href":"https:\/\/ggroupmx.com\/en\/wp-json\/wp\/v2\/comments?post=10897"}],"version-history":[{"count":6,"href":"https:\/\/ggroupmx.com\/en\/wp-json\/wp\/v2\/pages\/10897\/revisions"}],"predecessor-version":[{"id":10926,"href":"https:\/\/ggroupmx.com\/en\/wp-json\/wp\/v2\/pages\/10897\/revisions\/10926"}],"wp:attachment":[{"href":"https:\/\/ggroupmx.com\/en\/wp-json\/wp\/v2\/media?parent=10897"}],"curies":[{"name":"wp","href":"https:\/\/api.w.org\/{rel}","templated":true}]}}