{"id":3,"date":"2025-01-10T16:03:37","date_gmt":"2025-01-10T16:03:37","guid":{"rendered":"https:\/\/ggroupmx.com\/?page_id=3"},"modified":"2025-04-03T17:45:07","modified_gmt":"2025-04-03T17:45:07","slug":"privacy-policy","status":"publish","type":"page","link":"https:\/\/ggroupmx.com\/en\/privacy-policy\/","title":{"rendered":"Aviso de privacidad"},"content":{"rendered":"<div data-elementor-type=\"wp-page\" data-elementor-id=\"3\" class=\"elementor elementor-3\" data-elementor-post-type=\"page\">\n\t\t\t\t<div class=\"elementor-element elementor-element-5819eb1a e-flex e-con-boxed e-con e-parent\" data-id=\"5819eb1a\" data-element_type=\"container\">\n\t\t\t\t\t<div class=\"e-con-inner\">\n\t\t\t\t<div class=\"elementor-element elementor-element-741a5fc4 elementor-widget elementor-widget-text-editor\" data-id=\"741a5fc4\" data-element_type=\"widget\" data-widget_type=\"text-editor.default\">\n\t\t\t\t<div class=\"elementor-widget-container\">\n\t\t\t\t\t        <div class=\"elementor-text-editor elementor-clearfix\"><p><\/p>\n<p><strong>PRIVACIDAD<\/strong><\/p>\n<p>Operadora G Hoteles SA de CV y sus filiales y\/o subsidiarias (en lo sucesivo denominadas colectivamente como Posadas), con domicilio en Paseo de Tamarindos No.90, Arcos Bosques, Torre II, Piso 7, Suite 7B,Colonia Bosques de las Lomas,&nbsp;<span style=\"text-align: var(--text-align); font-size: 1rem;\">Delegaci\u00f3n Cuajimalpa, C.P. 05129, M\u00e9xico, D.F. se compromete a proteger su privacidad.<\/span><\/p>\n<p><span style=\"text-align: var(--text-align); font-size: 1rem;\">G Hoteles utiliza la informaci\u00f3n personal proporcionada por usted con el fin de realizar o entregar los servicios que usted solicit\u00f3, o que son parte de un programa para el cual usted se registr\u00f3.<br><\/span><span style=\"font-size: 1rem; text-align: var(--text-align);\">Estos eventos incluyen:<\/span><\/p>\n<p>1) hacer reservas, comprar paquetes vacacionales, hacerse socio de un club de vacaciones, hacerse socio de los programas de fidelidad de G Hotels, asistir a eventos o reuniones sociales, o comprar bienes y\/o servicios relacionados con viajes y excursiones.<\/p><p><br><span style=\"font-size: 1rem; text-align: var(--text-align);\">2) Para ofrecerle promociones, productos tur\u00edsticos y de consumo, servicios especiales, boletines informativos, encuestas, sorteos y concursos en l\u00ednea si elige la opci\u00f3n \u00abNotificarme ofertas especiales\u00bb en su reserva.&nbsp;<\/span><\/p><\/div>\n        \t\t\t\t<\/div>\n\t\t\t\t<\/div>\n\t\t\t\t\t<\/div>\n\t\t\t\t<\/div>\n\t\t\t\t<\/div>","protected":false},"excerpt":{"rendered":"<p>PRIVACIDAD Operadora G Hoteles SA de CV y sus filiales y\/o subsidiarias (en lo sucesivo denominadas colectivamente como Posadas), con domicilio en Paseo de Tamarindos No.90, Arcos Bosques, Torre II, Piso 7, Suite 7B,Colonia Bosques de las Lomas,\u00a0Delegaci\u00f3n Cuajimalpa, C.P. 05129, M\u00e9xico, D.F. se compromete a proteger su privacidad. G Hoteles utiliza la informaci\u00f3n personal &hellip; <\/p>\n<p class=\"link-more\"><a href=\"https:\/\/ggroupmx.com\/en\/privacy-policy\/\" class=\"more-link\">Read More <span class=\"screen-reader-text\"> &#8220;Aviso de privacidad&#8221;<\/span><\/a><\/p>","protected":false},"author":1,"featured_media":0,"parent":0,"menu_order":0,"comment_status":"closed","ping_status":"open","template":"","meta":{"footnotes":""},"class_list":["post-3","page","type-page","status-publish","hentry"],"_links":{"self":[{"href":"https:\/\/ggroupmx.com\/en\/wp-json\/wp\/v2\/pages\/3","targetHints":{"allow":["GET"]}}],"collection":[{"href":"https:\/\/ggroupmx.com\/en\/wp-json\/wp\/v2\/pages"}],"about":[{"href":"https:\/\/ggroupmx.com\/en\/wp-json\/wp\/v2\/types\/page"}],"author":[{"embeddable":true,"href":"https:\/\/ggroupmx.com\/en\/wp-json\/wp\/v2\/users\/1"}],"replies":[{"embeddable":true,"href":"https:\/\/ggroupmx.com\/en\/wp-json\/wp\/v2\/comments?post=3"}],"version-history":[{"count":5,"href":"https:\/\/ggroupmx.com\/en\/wp-json\/wp\/v2\/pages\/3\/revisions"}],"predecessor-version":[{"id":9507,"href":"https:\/\/ggroupmx.com\/en\/wp-json\/wp\/v2\/pages\/3\/revisions\/9507"}],"wp:attachment":[{"href":"https:\/\/ggroupmx.com\/en\/wp-json\/wp\/v2\/media?parent=3"}],"curies":[{"name":"wp","href":"https:\/\/api.w.org\/{rel}","templated":true}]}}