{"id":371,"date":"2019-10-23T09:17:55","date_gmt":"2019-10-23T09:17:55","guid":{"rendered":"https:\/\/demo2wpopal.b-cdn.net\/rehomes\/?page_id=371"},"modified":"2025-06-12T17:51:07","modified_gmt":"2025-06-12T17:51:07","slug":"blog-2","status":"publish","type":"page","link":"https:\/\/ggroupmx.com\/en\/blog-2\/","title":{"rendered":"Press and Blog"},"content":{"rendered":"<div data-elementor-type=\"wp-page\" data-elementor-id=\"371\" class=\"elementor elementor-371\" data-elementor-post-type=\"page\">\n\t\t\t\t\t\t<section class=\"elementor-section elementor-top-section elementor-element elementor-element-406b79f elementor-section-stretched elementor-section-boxed elementor-section-height-default elementor-section-height-default\" data-id=\"406b79f\" data-element_type=\"section\" data-settings=\"{&quot;stretch_section&quot;:&quot;section-stretched&quot;}\">\n\t\t\t\t\t\t<div class=\"elementor-container elementor-column-gap-no\">\n\t\t\t\t\t<div class=\"elementor-column elementor-col-100 elementor-top-column elementor-element elementor-element-70178a9\" data-id=\"70178a9\" data-element_type=\"column\">\n\t\t\t<div class=\"elementor-widget-wrap elementor-element-populated\">\n\t\t\t\t\t\t<div class=\"elementor-element elementor-element-8d7d16d elementor-widget elementor-widget-text-editor\" data-id=\"8d7d16d\" data-element_type=\"widget\" data-widget_type=\"text-editor.default\">\n\t\t\t\t<div class=\"elementor-widget-container\">\n\t\t\t\t\t        <div class=\"elementor-text-editor elementor-clearfix\"><p>En el blog de<strong> G Group<\/strong>, te mantenemos al tanto de las \u00faltimas noticias, tendencias y desarrollos en nuestra industria. Aqu\u00ed encontrar\u00e1s art\u00edculos informativos, entrevistas con expertos y an\u00e1lisis sobre temas que impactan nuestro entorno y nuestras comunidades.<\/p><\/div>\n        \t\t\t\t<\/div>\n\t\t\t\t<\/div>\n\t\t\t\t<div class=\"elementor-element elementor-element-ff1bcd3 elementor-widget elementor-widget-opal-post-grid\" data-id=\"ff1bcd3\" data-element_type=\"widget\" data-widget_type=\"opal-post-grid.default\">\n\t\t\t\t<div class=\"elementor-widget-container\">\n\t\t\t\t\t        <div class=\"elementor-post-wrapper post-style-1\">\n            <div class=\"row\" data-elementor-columns=\"3\" data-elementor-columns-tablet=\"2\" data-elementor-columns-mobile=\"1\">\n\n                <div class=\"column-item post-style-1\">\n    <div class=\"post-inner\">\n\n                    <div class=\"post-thumbnail\">\n                <a href=\"https:\/\/ggroupmx.com\/en\/g-group-impulsando-el-desarrollo-hotelero-y-residencial-en-mexico\/\">\n                    <img fetchpriority=\"high\" decoding=\"async\" width=\"850\" height=\"480\" src=\"https:\/\/ggroupmx.com\/wp-content\/uploads\/2019\/10\/ESTACIONAMIENTO_AGOS_27_11zon-850x480.webp\" class=\"attachment-rehomes-featured-image-large size-rehomes-featured-image-large wp-post-image\" alt=\"\" srcset=\"https:\/\/ggroupmx.com\/wp-content\/uploads\/2019\/10\/ESTACIONAMIENTO_AGOS_27_11zon-850x480.webp 850w, https:\/\/ggroupmx.com\/wp-content\/uploads\/2019\/10\/ESTACIONAMIENTO_AGOS_27_11zon-300x169.webp 300w, https:\/\/ggroupmx.com\/wp-content\/uploads\/2019\/10\/ESTACIONAMIENTO_AGOS_27_11zon-18x10.webp 18w, https:\/\/ggroupmx.com\/wp-content\/uploads\/2019\/10\/ESTACIONAMIENTO_AGOS_27_11zon-700x394.webp 700w\" sizes=\"(max-width: 850px) 100vw, 850px\" \/>                <\/a>\n            <\/div><!-- .post-thumbnail -->\n\n                <div class=\"post-content\">\n            <div class=\"entry-header\">\n                <div class=\"entry-categories\">\n                                    <\/div><!-- .entry-meta -->\n                <h3 class=\"entry-title\"><a href=\"https:\/\/ggroupmx.com\/en\/g-group-impulsando-el-desarrollo-hotelero-y-residencial-en-mexico\/\">G GROUP: Impulsando el Desarrollo Hotelero y Residencial en M\u00e9xico<\/a><\/h3>\n                <div class=\"entry-meta\">\n                    <span class=\"posted-author\"><span>By <\/span><a href=\"https:\/\/ggroupmx.com\/en\/author\/ggroup-gplazas-com\/\">G Group Blogger<\/a>,<\/span><span class=\"posted-on\"><a href=\"https:\/\/ggroupmx.com\/en\/g-group-impulsando-el-desarrollo-hotelero-y-residencial-en-mexico\/\" rel=\"bookmark\"><time class=\"entry-date published\" datetime=\"2025-03-27T18:22:46+00:00\">March 27, 2025<\/time><time class=\"updated\" datetime=\"2025-05-14T18:11:47+00:00\">May 14, 2025<\/time><\/a><\/span>                <\/div>\n            <\/div>\n        <\/div>\n    <\/div>\n<\/div><div class=\"column-item post-style-1\">\n    <div class=\"post-inner\">\n\n                    <div class=\"post-thumbnail\">\n                <a href=\"https:\/\/ggroupmx.com\/en\/maximizando-el-retorno-de-inversion-con-g-plazas-casos-de-exito-en-el-sector-inmobiliario\/\">\n                    <img decoding=\"async\" width=\"850\" height=\"480\" src=\"https:\/\/ggroupmx.com\/wp-content\/uploads\/2025\/05\/11zon_DJI_20240914065530_0154_D-850x480.webp\" class=\"attachment-rehomes-featured-image-large size-rehomes-featured-image-large wp-post-image\" alt=\"\" srcset=\"https:\/\/ggroupmx.com\/wp-content\/uploads\/2025\/05\/11zon_DJI_20240914065530_0154_D-850x480.webp 850w, https:\/\/ggroupmx.com\/wp-content\/uploads\/2025\/05\/11zon_DJI_20240914065530_0154_D-300x169.webp 300w, https:\/\/ggroupmx.com\/wp-content\/uploads\/2025\/05\/11zon_DJI_20240914065530_0154_D-18x10.webp 18w, https:\/\/ggroupmx.com\/wp-content\/uploads\/2025\/05\/11zon_DJI_20240914065530_0154_D-700x394.webp 700w\" sizes=\"(max-width: 850px) 100vw, 850px\" \/>                <\/a>\n            <\/div><!-- .post-thumbnail -->\n\n                <div class=\"post-content\">\n            <div class=\"entry-header\">\n                <div class=\"entry-categories\">\n                                    <\/div><!-- .entry-meta -->\n                <h3 class=\"entry-title\"><a href=\"https:\/\/ggroupmx.com\/en\/maximizando-el-retorno-de-inversion-con-g-plazas-casos-de-exito-en-el-sector-inmobiliario\/\">Maximizando el Retorno de Inversi\u00f3n con G Plazas: Casos de \u00c9xito en el Sector Inmobiliario<\/a><\/h3>\n                <div class=\"entry-meta\">\n                    <span class=\"posted-author\"><span>By <\/span><a href=\"https:\/\/ggroupmx.com\/en\/author\/ggroup-gplazas-com\/\">G Group Blogger<\/a>,<\/span><span class=\"posted-on\"><a href=\"https:\/\/ggroupmx.com\/en\/maximizando-el-retorno-de-inversion-con-g-plazas-casos-de-exito-en-el-sector-inmobiliario\/\" rel=\"bookmark\"><time class=\"entry-date published\" datetime=\"2025-03-26T22:42:41+00:00\">March 26, 2025<\/time><time class=\"updated\" datetime=\"2025-05-14T18:04:57+00:00\">May 14, 2025<\/time><\/a><\/span>                <\/div>\n            <\/div>\n        <\/div>\n    <\/div>\n<\/div><div class=\"column-item post-style-1\">\n    <div class=\"post-inner\">\n\n                    <div class=\"post-thumbnail\">\n                <a href=\"https:\/\/ggroupmx.com\/en\/architecture-is-not-based-on-concrete-and-steel\/\">\n                    <img decoding=\"async\" width=\"850\" height=\"480\" src=\"https:\/\/ggroupmx.com\/wp-content\/uploads\/2019\/10\/11zon_DJI_20240831081705_0046_D-850x480.webp\" class=\"attachment-rehomes-featured-image-large size-rehomes-featured-image-large wp-post-image\" alt=\"\" srcset=\"https:\/\/ggroupmx.com\/wp-content\/uploads\/2019\/10\/11zon_DJI_20240831081705_0046_D-850x480.webp 850w, https:\/\/ggroupmx.com\/wp-content\/uploads\/2019\/10\/11zon_DJI_20240831081705_0046_D-300x169.webp 300w, https:\/\/ggroupmx.com\/wp-content\/uploads\/2019\/10\/11zon_DJI_20240831081705_0046_D-18x10.webp 18w, https:\/\/ggroupmx.com\/wp-content\/uploads\/2019\/10\/11zon_DJI_20240831081705_0046_D-700x394.webp 700w\" sizes=\"(max-width: 850px) 100vw, 850px\" \/>                <\/a>\n            <\/div><!-- .post-thumbnail -->\n\n                <div class=\"post-content\">\n            <div class=\"entry-header\">\n                <div class=\"entry-categories\">\n                                    <\/div><!-- .entry-meta -->\n                <h3 class=\"entry-title\"><a href=\"https:\/\/ggroupmx.com\/en\/architecture-is-not-based-on-concrete-and-steel\/\">G Plazas: Inversiones Estrat\u00e9gicas en Espacios Comerciales de Alto Impacto<\/a><\/h3>\n                <div class=\"entry-meta\">\n                    <span class=\"posted-author\"><span>By <\/span><a href=\"https:\/\/ggroupmx.com\/en\/author\/ggroup-gplazas-com\/\">G Group Blogger<\/a>,<\/span><span class=\"posted-on\"><a href=\"https:\/\/ggroupmx.com\/en\/architecture-is-not-based-on-concrete-and-steel\/\" rel=\"bookmark\"><time class=\"entry-date published\" datetime=\"2019-10-18T01:46:42+00:00\">October 18, 2019<\/time><time class=\"updated\" datetime=\"2026-01-16T20:50:21+00:00\">January 16, 2026<\/time><\/a><\/span>                <\/div>\n            <\/div>\n        <\/div>\n    <\/div>\n<\/div>            <\/div>\n\n                    <\/div>\n        \t\t\t\t<\/div>\n\t\t\t\t<\/div>\n\t\t\t\t\t<\/div>\n\t\t<\/div>\n\t\t\t\t\t<\/div>\n\t\t<\/section>\n\t\t\t\t<\/div>","protected":false},"excerpt":{"rendered":"<p>En el blog de G Group, te mantenemos al tanto de las \u00faltimas noticias, tendencias y desarrollos en nuestra industria. Aqu\u00ed encontrar\u00e1s art\u00edculos informativos, entrevistas con expertos y an\u00e1lisis sobre temas que impactan nuestro entorno y nuestras comunidades. G GROUP: Impulsando el Desarrollo Hotelero y Residencial en M\u00e9xico By G Group Blogger,marzo 27, 2025 Maximizando &hellip; <\/p>\n<p class=\"link-more\"><a href=\"https:\/\/ggroupmx.com\/en\/architecture-is-not-based-on-concrete-and-steel\/\" class=\"more-link\">Read More <span class=\"screen-reader-text\"> &#8220;G Plazas: Inversiones Estrat\u00e9gicas en Espacios Comerciales de Alto Impacto&#8221;<\/span><\/a><\/p>","protected":false},"author":1,"featured_media":0,"parent":0,"menu_order":0,"comment_status":"closed","ping_status":"closed","template":"page-elementor.php","meta":{"footnotes":""},"class_list":["post-371","page","type-page","status-publish","hentry"],"_links":{"self":[{"href":"https:\/\/ggroupmx.com\/en\/wp-json\/wp\/v2\/pages\/371","targetHints":{"allow":["GET"]}}],"collection":[{"href":"https:\/\/ggroupmx.com\/en\/wp-json\/wp\/v2\/pages"}],"about":[{"href":"https:\/\/ggroupmx.com\/en\/wp-json\/wp\/v2\/types\/page"}],"author":[{"embeddable":true,"href":"https:\/\/ggroupmx.com\/en\/wp-json\/wp\/v2\/users\/1"}],"replies":[{"embeddable":true,"href":"https:\/\/ggroupmx.com\/en\/wp-json\/wp\/v2\/comments?post=371"}],"version-history":[{"count":18,"href":"https:\/\/ggroupmx.com\/en\/wp-json\/wp\/v2\/pages\/371\/revisions"}],"predecessor-version":[{"id":10349,"href":"https:\/\/ggroupmx.com\/en\/wp-json\/wp\/v2\/pages\/371\/revisions\/10349"}],"wp:attachment":[{"href":"https:\/\/ggroupmx.com\/en\/wp-json\/wp\/v2\/media?parent=371"}],"curies":[{"name":"wp","href":"https:\/\/api.w.org\/{rel}","templated":true}]}}